{"id":168,"date":"2023-10-11T17:35:27","date_gmt":"2023-10-11T15:35:27","guid":{"rendered":"https:\/\/fbmaconnerietp.fr\/?page_id=168"},"modified":"2024-05-31T21:02:33","modified_gmt":"2024-05-31T19:02:33","slug":"emplois-candidatures","status":"publish","type":"page","link":"https:\/\/fbmaconnerietp.fr\/index.php\/emplois-candidatures\/","title":{"rendered":"Emplois &#038; Candidatures"},"content":{"rendered":"<p>[et_pb_section fb_built=\u00a0\u00bb1&Prime; _builder_version=\u00a0\u00bb4.25.1&Prime; _module_preset=\u00a0\u00bbdefault\u00a0\u00bb background_image=\u00a0\u00bbhttps:\/\/fbmaconnerietp.fr\/wp-content\/uploads\/2024\/05\/270040676_1560280974345936_5278199513052343387_n.jpg\u00a0\u00bb global_colors_info=\u00a0\u00bb{}\u00a0\u00bb][et_pb_row _builder_version=\u00a0\u00bb4.25.1&Prime; _module_preset=\u00a0\u00bbdefault\u00a0\u00bb custom_padding=\u00a0\u00bb||358px|||\u00a0\u00bb global_colors_info=\u00a0\u00bb{}\u00a0\u00bb][et_pb_column type=\u00a0\u00bb4_4&Prime; _builder_version=\u00a0\u00bb4.25.1&Prime; _module_preset=\u00a0\u00bbdefault\u00a0\u00bb global_colors_info=\u00a0\u00bb{}\u00a0\u00bb][et_pb_text _builder_version=\u00a0\u00bb4.25.1&Prime; _module_preset=\u00a0\u00bbdefault\u00a0\u00bb header_text_color=\u00a0\u00bb#d86c00&Prime; global_colors_info=\u00a0\u00bb{}\u00a0\u00bb]<\/p>\n<h1 style=\"text-align: center;\"><strong>REJOIGNEZ NOTRE EQUIPE<\/strong><\/h1>\n<p>[\/et_pb_text][\/et_pb_column][\/et_pb_row][\/et_pb_section][et_pb_section fb_built=\u00a0\u00bb1&Prime; _builder_version=\u00a0\u00bb4.25.1&Prime; _module_preset=\u00a0\u00bbdefault\u00a0\u00bb global_colors_info=\u00a0\u00bb{}\u00a0\u00bb][et_pb_row _builder_version=\u00a0\u00bb4.25.1&Prime; _module_preset=\u00a0\u00bbdefault\u00a0\u00bb global_colors_info=\u00a0\u00bb{}\u00a0\u00bb][et_pb_column type=\u00a0\u00bb4_4&Prime; _builder_version=\u00a0\u00bb4.25.1&Prime; _module_preset=\u00a0\u00bbdefault\u00a0\u00bb global_colors_info=\u00a0\u00bb{}\u00a0\u00bb][et_pb_text _builder_version=\u00a0\u00bb4.25.1&Prime; _module_preset=\u00a0\u00bbdefault\u00a0\u00bb header_font_size=\u00a0\u00bb35px\u00a0\u00bb global_colors_info=\u00a0\u00bb{}\u00a0\u00bb]<\/p>\n<h1><strong>Nos offres <span style=\"color: #ff6600;\">d&#8217;emplois<\/span><\/strong><\/h1>\n<p>[\/et_pb_text][\/et_pb_column][\/et_pb_row][et_pb_row _builder_version=\u00a0\u00bb4.25.1&Prime; _module_preset=\u00a0\u00bbdefault\u00a0\u00bb global_colors_info=\u00a0\u00bb{}\u00a0\u00bb][et_pb_column type=\u00a0\u00bb4_4&Prime; _builder_version=\u00a0\u00bb4.25.1&Prime; _module_preset=\u00a0\u00bbdefault\u00a0\u00bb global_colors_info=\u00a0\u00bb{}\u00a0\u00bb][et_pb_text _builder_version=\u00a0\u00bb4.25.1&Prime; _module_preset=\u00a0\u00bbdefault\u00a0\u00bb hover_enabled=\u00a0\u00bb0&Prime; sticky_enabled=\u00a0\u00bb0&Prime;]<\/p>\n<h3 class=\"p1\" style=\"text-align: center;\"><span class=\"s1\">MA\u00c7ON COFFREUR H\/F<\/span><\/h3>\n<p class=\"p1\"><span class=\"s1\"><br \/>Rattach\u00e9 au chef de chantier, vous accomplirez, en \u00e9quipe, les t\u00e2ches suivantes :<\/span><\/p>\n<ul class=\"ul1\">\n<li class=\"li1\"><span class=\"s2\"><\/span><span class=\"s1\">\u00c9valuer les besoins en mat\u00e9riaux pour le chantier<\/span><\/li>\n<li class=\"li1\"><span class=\"s2\"><\/span><span class=\"s1\">Ma\u00e7onnerie agglom\u00e9rer, brique, chanvre<\/span><\/li>\n<li class=\"li1\"><span class=\"s2\"><\/span><span class=\"s1\">Mise en place de plancher b\u00e9ton<\/span><\/li>\n<li class=\"li1\"><span class=\"s2\"><\/span><span class=\"s1\">Mettre en place l&rsquo;armature en fer qui assurera le soutien du b\u00e9ton<\/span><\/li>\n<li class=\"li1\"><span class=\"s2\"><\/span><span class=\"s1\">R\u00e9alisation de coffrage destin\u00e9s \u00e0 recevoir le b\u00e9ton<\/span><\/li>\n<li class=\"li1\"><span class=\"s2\"><\/span><span class=\"s1\">R\u00e9alisation de b\u00e9ton balayer, d\u00e9sactiver, lisser<\/span><\/li>\n<li class=\"li1\"><span class=\"s2\"><\/span><span class=\"s1\">R\u00e9novation, r\u00e9alisation d&rsquo;ouverture, plancher<\/span><\/li>\n<li class=\"li1\"><span class=\"s2\"><\/span><span class=\"s1\">Observer les protocoles de s\u00e9curit\u00e9 sur le chantier et porter l&rsquo;\u00e9quipement ad\u00e9quat.<\/span><\/li>\n<\/ul>\n<p class=\"p1\"><span class=\"s1\">Vous avez une formation en ma\u00e7onnerie avec plusieurs ann\u00e9es d&rsquo;exp\u00e9riences.<\/span><\/p>\n<p class=\"p1\"><span class=\"s1\">Profil recherch\u00e9 :<\/span><\/p>\n<p class=\"p1\"><span class=\"s1\">Rigoureux et autonome, vous aimez le travail en \u00e9quipe et respectez les r\u00e8gles de s\u00e9curit\u00e9.<\/span><\/p>\n<p class=\"p1\"><span class=\"s1\">Vous avez le sens de l&rsquo;organisation.<\/span><\/p>\n<p class=\"p1\"><span class=\"s1\">Conditions du poste :<\/span><\/p>\n<p class=\"p1\"><span class=\"s1\">Base 39 heures \/ semaine du lundi au vendredi<\/span><\/p>\n<p class=\"p1\"><span class=\"s1\">Taux horaire selon exp\u00e9rience<\/span><\/p>\n<p class=\"p1\"><span class=\"s1\">Heures suppl\u00e9mentaires major\u00e9es de 25%<\/span><\/p>\n<p class=\"p1\"><span class=\"s1\">Paniers<\/span><\/p>\n<p>[\/et_pb_text][\/et_pb_column][\/et_pb_row][\/et_pb_section][et_pb_section fb_built=\u00a0\u00bb1&Prime; _builder_version=\u00a0\u00bb4.25.1&Prime; _module_preset=\u00a0\u00bbdefault\u00a0\u00bb global_colors_info=\u00a0\u00bb{}\u00a0\u00bb][et_pb_row _builder_version=\u00a0\u00bb4.25.1&Prime; _module_preset=\u00a0\u00bbdefault\u00a0\u00bb global_colors_info=\u00a0\u00bb{}\u00a0\u00bb][et_pb_column type=\u00a0\u00bb4_4&Prime; _builder_version=\u00a0\u00bb4.25.1&Prime; _module_preset=\u00a0\u00bbdefault\u00a0\u00bb global_colors_info=\u00a0\u00bb{}\u00a0\u00bb][et_pb_text _builder_version=\u00a0\u00bb4.25.1&Prime; _module_preset=\u00a0\u00bbdefault\u00a0\u00bb global_colors_info=\u00a0\u00bb{}\u00a0\u00bb]<\/p>\n<h3 style=\"text-align: center;\"><strong>Vous \u00eates interess\u00e9 pour rejoindre notre \u00e9quipe ? <\/strong><\/h3>\n<h3 style=\"text-align: center;\"><strong>Utilisez le formulaire ci-dessous pour nous envoyer votre candidature.<\/strong><\/h3>\n<p>[\/et_pb_text][\/et_pb_column][\/et_pb_row][et_pb_row _builder_version=\u00a0\u00bb4.25.1&Prime; _module_preset=\u00a0\u00bbdefault\u00a0\u00bb global_colors_info=\u00a0\u00bb{}\u00a0\u00bb][et_pb_column type=\u00a0\u00bb4_4&Prime; _builder_version=\u00a0\u00bb4.25.1&Prime; _module_preset=\u00a0\u00bbdefault\u00a0\u00bb global_colors_info=\u00a0\u00bb{}\u00a0\u00bb][et_pb_code _builder_version=\u00a0\u00bb4.25.1&Prime; _module_preset=\u00a0\u00bbdefault\u00a0\u00bb text_orientation=\u00a0\u00bbcenter\u00a0\u00bb global_colors_info=\u00a0\u00bb{}\u00a0\u00bb]\n<div class=\"wpcf7 no-js\" id=\"wpcf7-f194-o1\" lang=\"fr-FR\" dir=\"ltr\">\n<div class=\"screen-reader-response\"><p role=\"status\" aria-live=\"polite\" aria-atomic=\"true\"><\/p> <ul><\/ul><\/div>\n<form action=\"\/index.php\/wp-json\/wp\/v2\/pages\/168#wpcf7-f194-o1\" method=\"post\" class=\"wpcf7-form init\" aria-label=\"Formulaire de contact\" enctype=\"multipart\/form-data\" novalidate=\"novalidate\" data-status=\"init\">\n<div style=\"display: none;\">\n<input type=\"hidden\" name=\"_wpcf7\" value=\"194\" \/>\n<input type=\"hidden\" name=\"_wpcf7_version\" value=\"5.9.8\" \/>\n<input type=\"hidden\" name=\"_wpcf7_locale\" value=\"fr_FR\" \/>\n<input type=\"hidden\" name=\"_wpcf7_unit_tag\" value=\"wpcf7-f194-o1\" \/>\n<input type=\"hidden\" name=\"_wpcf7_container_post\" value=\"0\" \/>\n<input type=\"hidden\" name=\"_wpcf7_posted_data_hash\" value=\"\" \/>\n<\/div>\n<p><label> Votre nom<br \/>\n<span class=\"wpcf7-form-control-wrap\" data-name=\"your-name\"><input size=\"40\" maxlength=\"400\" class=\"wpcf7-form-control wpcf7-text wpcf7-validates-as-required\" autocomplete=\"name\" aria-required=\"true\" aria-invalid=\"false\" value=\"\" type=\"text\" name=\"your-name\" \/><\/span> <\/label>\n<\/p>\n<p><label> Votre e-mail<br \/>\n<span class=\"wpcf7-form-control-wrap\" data-name=\"your-email\"><input size=\"40\" maxlength=\"400\" class=\"wpcf7-form-control wpcf7-email wpcf7-validates-as-required wpcf7-text wpcf7-validates-as-email\" autocomplete=\"email\" aria-required=\"true\" aria-invalid=\"false\" value=\"\" type=\"email\" name=\"your-email\" \/><\/span> <\/label>\n<\/p>\n<p><label> Votre num\u00e9ro de t\u00e9l\u00e9phone<br \/>\n<span class=\"wpcf7-form-control-wrap\" data-name=\"tel-242\"><input size=\"40\" maxlength=\"400\" class=\"wpcf7-form-control wpcf7-tel wpcf7-text wpcf7-validates-as-tel\" aria-invalid=\"false\" value=\"\" type=\"tel\" name=\"tel-242\" \/><\/span> <\/label>\n<\/p>\n<p><label> Votre message (facultatif)<br \/>\n<span class=\"wpcf7-form-control-wrap\" data-name=\"your-message\"><textarea cols=\"40\" rows=\"10\" maxlength=\"2000\" class=\"wpcf7-form-control wpcf7-textarea\" aria-invalid=\"false\" name=\"your-message\"><\/textarea><\/span> <\/label>\n<\/p>\n<p><label> Joindre votre CV (PDF uniquement)<br \/>\n<span class=\"wpcf7-form-control-wrap\" data-name=\"CV\"><input size=\"40\" class=\"wpcf7-form-control wpcf7-file\" accept=\".pdf\" aria-invalid=\"false\" type=\"file\" name=\"CV\" \/><\/span> <\/label>\n<\/p>\n<p><input class=\"wpcf7-form-control wpcf7-submit has-spinner\" type=\"submit\" value=\"Envoyer\" \/>\n<\/p><div class=\"wpcf7-response-output\" aria-hidden=\"true\"><\/div>\n<\/form>\n<\/div>\n[\/et_pb_code][\/et_pb_column][\/et_pb_row][\/et_pb_section]<\/p>\n","protected":false},"excerpt":{"rendered":"<p>REJOIGNEZ NOTRE EQUIPENos offres d&#8217;emploisMA\u00c7ON COFFREUR H\/F Rattach\u00e9 au chef de chantier, vous accomplirez, en \u00e9quipe, les t\u00e2ches suivantes : \u00c9valuer les besoins en mat\u00e9riaux pour le chantier Ma\u00e7onnerie agglom\u00e9rer, brique, chanvre Mise en place de plancher b\u00e9ton Mettre en place l&rsquo;armature en fer qui assurera le soutien du b\u00e9ton R\u00e9alisation de coffrage destin\u00e9s \u00e0 [&hellip;]<\/p>\n","protected":false},"author":1,"featured_media":0,"parent":0,"menu_order":0,"comment_status":"closed","ping_status":"closed","template":"","meta":{"_et_pb_use_builder":"on","_et_pb_old_content":"","_et_gb_content_width":"","footnotes":""},"class_list":["post-168","page","type-page","status-publish","hentry"],"_links":{"self":[{"href":"https:\/\/fbmaconnerietp.fr\/index.php\/wp-json\/wp\/v2\/pages\/168"}],"collection":[{"href":"https:\/\/fbmaconnerietp.fr\/index.php\/wp-json\/wp\/v2\/pages"}],"about":[{"href":"https:\/\/fbmaconnerietp.fr\/index.php\/wp-json\/wp\/v2\/types\/page"}],"author":[{"embeddable":true,"href":"https:\/\/fbmaconnerietp.fr\/index.php\/wp-json\/wp\/v2\/users\/1"}],"replies":[{"embeddable":true,"href":"https:\/\/fbmaconnerietp.fr\/index.php\/wp-json\/wp\/v2\/comments?post=168"}],"version-history":[{"count":5,"href":"https:\/\/fbmaconnerietp.fr\/index.php\/wp-json\/wp\/v2\/pages\/168\/revisions"}],"predecessor-version":[{"id":202,"href":"https:\/\/fbmaconnerietp.fr\/index.php\/wp-json\/wp\/v2\/pages\/168\/revisions\/202"}],"wp:attachment":[{"href":"https:\/\/fbmaconnerietp.fr\/index.php\/wp-json\/wp\/v2\/media?parent=168"}],"curies":[{"name":"wp","href":"https:\/\/api.w.org\/{rel}","templated":true}]}}